{"id":6602,"date":"2020-10-09T19:54:42","date_gmt":"2020-10-09T19:54:42","guid":{"rendered":"http:\/\/trident.boursinos.gr\/?post_type=product&#038;p=6602"},"modified":"2024-06-29T12:21:10","modified_gmt":"2024-06-29T12:21:10","slug":"insulele-pierdute-de-est","status":"publish","type":"product","link":"https:\/\/tridentboats.gr\/ro\/produs\/insulele-pierdute-de-est\/","title":{"rendered":"Insulele pierdute din est"},"content":{"rendered":"<p>\u00cencepe\u021bi cu o vizit\u0103 la pe\u0219tera ascuns\u0103 a liliecilor pentru o baie rapid\u0103 de diminea\u021b\u0103, urmat\u0103 de celebra pe\u0219ter\u0103 Papanicolis, a doua ca m\u0103rime din Grecia.<br \/>\nApoi urca\u021bi de-a lungul coastei p\u00e2n\u0103 la Fermikoula, o insul\u0103 st\u00e2ncoas\u0103 cu o mare varietate de via\u021b\u0103 marin\u0103 \u0219i locuri minunate pentru snorkeling.<br \/>\nDup\u0103 Fermikoula vizita Kastos \u0219i plajele sale turcoaz pentru o baie urmat\u0103 de o vizit\u0103 la o cafea sat de pescuit.<br \/>\nPr\u00e2nzul se ia \u00een portul principal din Kalamos, la restaurantul de pe\u0219te uimitor al lui George, \u00eenfiin\u021bat de George, un pescar, \u00een 1990. Toate preparatele sunt g\u0103tite cu ingrediente proaspete, iar m\u00e2ncarea nu dezam\u0103ge\u0219te niciodat\u0103.<br \/>\nLa nord de insula Kalamos, vizita\u021bi Episkopi, o plaj\u0103 cu ape cristaline \u0219i un peisaj iconic \u00een care copacii par s\u0103 coboare pentru a bea din mare.<br \/>\nSavura\u021bi un cocktail la barul de pe plaja Fanari din Meganisi, apoi, dup\u0103 o scurt\u0103 plimbare prin Skorpios, \u00eentoarce\u021bi-v\u0103 la baz\u0103.<\/p>","protected":false},"excerpt":{"rendered":"<p>Begin with a visit to the hidden bat cave for a quick morning swim, followed by the famous Papanicolis cave the second largest in Greece. You then go up along the coast to Fermikoula, a rocky island with a wide [&hellip;]<\/p>\n","protected":false},"featured_media":6603,"template":"","meta":[],"product_cat":[42],"product_tag":[],"class_list":{"0":"post-6602","1":"product","2":"type-product","3":"status-publish","4":"has-post-thumbnail","6":"product_cat-tours","8":"first","9":"instock","10":"shipping-taxable","11":"product-type-external"},"exclude_global_add_ons":[],"addons":[],"yoast_head":"<!-- This site is optimized with the Yoast SEO plugin v27.3 - https:\/\/yoast.com\/product\/yoast-seo-wordpress\/ -->\n<title>Eastern Lost Islands - Trident Boats - Rent a boat in Lefkada<\/title>\n<meta name=\"robots\" content=\"index, follow, max-snippet:-1, max-image-preview:large, max-video-preview:-1\" \/>\n<link rel=\"canonical\" href=\"https:\/\/tridentboats.gr\/ro\/produs\/insulele-pierdute-de-est\/\" \/>\n<meta property=\"og:locale\" content=\"ro_RO\" \/>\n<meta property=\"og:type\" content=\"article\" \/>\n<meta property=\"og:title\" content=\"Eastern Lost Islands - Trident Boats - Rent a boat in Lefkada\" \/>\n<meta property=\"og:description\" content=\"Begin with a visit to the hidden bat cave for a quick morning swim, followed by the famous Papanicolis cave the second largest in Greece. You then go up along the coast to Fermikoula, a rocky island with a wide [&hellip;]\" \/>\n<meta property=\"og:url\" content=\"https:\/\/tridentboats.gr\/ro\/produs\/insulele-pierdute-de-est\/\" \/>\n<meta property=\"og:site_name\" content=\"Trident Boats - Rent a boat in Lefkada\" \/>\n<meta property=\"article:modified_time\" content=\"2024-06-29T12:21:10+00:00\" \/>\n<meta property=\"og:image\" content=\"https:\/\/tridentboats.gr\/wp-content\/uploads\/2024\/06\/trident-boats-meganisi-island-2.jpg\" \/>\n\t<meta property=\"og:image:width\" content=\"1100\" \/>\n\t<meta property=\"og:image:height\" content=\"680\" \/>\n\t<meta property=\"og:image:type\" content=\"image\/jpeg\" \/>\n<meta name=\"twitter:card\" content=\"summary_large_image\" \/>\n<meta name=\"twitter:label1\" content=\"Timp estimat pentru citire\" \/>\n\t<meta name=\"twitter:data1\" content=\"1 minut\" \/>\n<script type=\"application\/ld+json\" class=\"yoast-schema-graph\">{\"@context\":\"https:\\\/\\\/schema.org\",\"@graph\":[{\"@type\":\"WebPage\",\"@id\":\"https:\\\/\\\/tridentboats.gr\\\/ro\\\/produs\\\/eastern-lost-islands\\\/\",\"url\":\"https:\\\/\\\/tridentboats.gr\\\/ro\\\/produs\\\/eastern-lost-islands\\\/\",\"name\":\"Eastern Lost Islands - Trident Boats - Rent a boat in Lefkada\",\"isPartOf\":{\"@id\":\"https:\\\/\\\/tridentboats.gr\\\/#website\"},\"primaryImageOfPage\":{\"@id\":\"https:\\\/\\\/tridentboats.gr\\\/ro\\\/produs\\\/eastern-lost-islands\\\/#primaryimage\"},\"image\":{\"@id\":\"https:\\\/\\\/tridentboats.gr\\\/ro\\\/produs\\\/eastern-lost-islands\\\/#primaryimage\"},\"thumbnailUrl\":\"https:\\\/\\\/tridentboats.gr\\\/wp-content\\\/uploads\\\/2024\\\/06\\\/trident-boats-meganisi-island-2.jpg\",\"datePublished\":\"2020-10-09T19:54:42+00:00\",\"dateModified\":\"2024-06-29T12:21:10+00:00\",\"breadcrumb\":{\"@id\":\"https:\\\/\\\/tridentboats.gr\\\/ro\\\/produs\\\/eastern-lost-islands\\\/#breadcrumb\"},\"inLanguage\":\"ro-RO\",\"potentialAction\":[{\"@type\":\"ReadAction\",\"target\":[\"https:\\\/\\\/tridentboats.gr\\\/ro\\\/produs\\\/eastern-lost-islands\\\/\"]}]},{\"@type\":\"ImageObject\",\"inLanguage\":\"ro-RO\",\"@id\":\"https:\\\/\\\/tridentboats.gr\\\/ro\\\/produs\\\/eastern-lost-islands\\\/#primaryimage\",\"url\":\"https:\\\/\\\/tridentboats.gr\\\/wp-content\\\/uploads\\\/2024\\\/06\\\/trident-boats-meganisi-island-2.jpg\",\"contentUrl\":\"https:\\\/\\\/tridentboats.gr\\\/wp-content\\\/uploads\\\/2024\\\/06\\\/trident-boats-meganisi-island-2.jpg\",\"width\":1100,\"height\":680},{\"@type\":\"BreadcrumbList\",\"@id\":\"https:\\\/\\\/tridentboats.gr\\\/ro\\\/produs\\\/eastern-lost-islands\\\/#breadcrumb\",\"itemListElement\":[{\"@type\":\"ListItem\",\"position\":1,\"name\":\"Home\",\"item\":\"https:\\\/\\\/tridentboats.gr\\\/\"},{\"@type\":\"ListItem\",\"position\":2,\"name\":\"Shop\",\"item\":\"https:\\\/\\\/tridentboats.gr\\\/shop\\\/\"},{\"@type\":\"ListItem\",\"position\":3,\"name\":\"Eastern Lost Islands\"}]},{\"@type\":\"WebSite\",\"@id\":\"https:\\\/\\\/tridentboats.gr\\\/#website\",\"url\":\"https:\\\/\\\/tridentboats.gr\\\/\",\"name\":\"Trident Boats - Rent a boat in Lefkada\",\"description\":\"\",\"potentialAction\":[{\"@type\":\"SearchAction\",\"target\":{\"@type\":\"EntryPoint\",\"urlTemplate\":\"https:\\\/\\\/tridentboats.gr\\\/?s={search_term_string}\"},\"query-input\":{\"@type\":\"PropertyValueSpecification\",\"valueRequired\":true,\"valueName\":\"search_term_string\"}}],\"inLanguage\":\"ro-RO\"}]}<\/script>\n<!-- \/ Yoast SEO plugin. -->","yoast_head_json":{"title":"Insulele Pierdute de Est - Trident Boats - Rent a boat in Lefkada","robots":{"index":"index","follow":"follow","max-snippet":"max-snippet:-1","max-image-preview":"max-image-preview:large","max-video-preview":"max-video-preview:-1"},"canonical":"https:\/\/tridentboats.gr\/ro\/produs\/insulele-pierdute-de-est\/","og_locale":"ro_RO","og_type":"article","og_title":"Eastern Lost Islands - Trident Boats - Rent a boat in Lefkada","og_description":"Begin with a visit to the hidden bat cave for a quick morning swim, followed by the famous Papanicolis cave the second largest in Greece. You then go up along the coast to Fermikoula, a rocky island with a wide [&hellip;]","og_url":"https:\/\/tridentboats.gr\/ro\/produs\/insulele-pierdute-de-est\/","og_site_name":"Trident Boats - Rent a boat in Lefkada","article_modified_time":"2024-06-29T12:21:10+00:00","og_image":[{"width":1100,"height":680,"url":"https:\/\/tridentboats.gr\/wp-content\/uploads\/2024\/06\/trident-boats-meganisi-island-2.jpg","type":"image\/jpeg"}],"twitter_card":"summary_large_image","twitter_misc":{"Timp estimat pentru citire":"1 minut"},"schema":{"@context":"https:\/\/schema.org","@graph":[{"@type":"WebPage","@id":"https:\/\/tridentboats.gr\/ro\/produs\/eastern-lost-islands\/","url":"https:\/\/tridentboats.gr\/ro\/produs\/eastern-lost-islands\/","name":"Insulele Pierdute de Est - Trident Boats - Rent a boat in Lefkada","isPartOf":{"@id":"https:\/\/tridentboats.gr\/#website"},"primaryImageOfPage":{"@id":"https:\/\/tridentboats.gr\/ro\/produs\/eastern-lost-islands\/#primaryimage"},"image":{"@id":"https:\/\/tridentboats.gr\/ro\/produs\/eastern-lost-islands\/#primaryimage"},"thumbnailUrl":"https:\/\/tridentboats.gr\/wp-content\/uploads\/2024\/06\/trident-boats-meganisi-island-2.jpg","datePublished":"2020-10-09T19:54:42+00:00","dateModified":"2024-06-29T12:21:10+00:00","breadcrumb":{"@id":"https:\/\/tridentboats.gr\/ro\/produs\/eastern-lost-islands\/#breadcrumb"},"inLanguage":"ro-RO","potentialAction":[{"@type":"ReadAction","target":["https:\/\/tridentboats.gr\/ro\/produs\/eastern-lost-islands\/"]}]},{"@type":"ImageObject","inLanguage":"ro-RO","@id":"https:\/\/tridentboats.gr\/ro\/produs\/eastern-lost-islands\/#primaryimage","url":"https:\/\/tridentboats.gr\/wp-content\/uploads\/2024\/06\/trident-boats-meganisi-island-2.jpg","contentUrl":"https:\/\/tridentboats.gr\/wp-content\/uploads\/2024\/06\/trident-boats-meganisi-island-2.jpg","width":1100,"height":680},{"@type":"BreadcrumbList","@id":"https:\/\/tridentboats.gr\/ro\/produs\/eastern-lost-islands\/#breadcrumb","itemListElement":[{"@type":"ListItem","position":1,"name":"Home","item":"https:\/\/tridentboats.gr\/"},{"@type":"ListItem","position":2,"name":"Shop","item":"https:\/\/tridentboats.gr\/shop\/"},{"@type":"ListItem","position":3,"name":"Eastern Lost Islands"}]},{"@type":"WebSite","@id":"https:\/\/tridentboats.gr\/#website","url":"https:\/\/tridentboats.gr\/","name":"Trident Boats - \u00cenchiria\u021bi o barc\u0103 \u00een Lefkada","description":"","potentialAction":[{"@type":"SearchAction","target":{"@type":"EntryPoint","urlTemplate":"https:\/\/tridentboats.gr\/?s={search_term_string}"},"query-input":{"@type":"PropertyValueSpecification","valueRequired":true,"valueName":"search_term_string"}}],"inLanguage":"ro-RO"}]}},"_links":{"self":[{"href":"https:\/\/tridentboats.gr\/ro\/wp-json\/wp\/v2\/product\/6602","targetHints":{"allow":["GET"]}}],"collection":[{"href":"https:\/\/tridentboats.gr\/ro\/wp-json\/wp\/v2\/product"}],"about":[{"href":"https:\/\/tridentboats.gr\/ro\/wp-json\/wp\/v2\/types\/product"}],"wp:featuredmedia":[{"embeddable":true,"href":"https:\/\/tridentboats.gr\/ro\/wp-json\/wp\/v2\/media\/6603"}],"wp:attachment":[{"href":"https:\/\/tridentboats.gr\/ro\/wp-json\/wp\/v2\/media?parent=6602"}],"wp:term":[{"taxonomy":"product_cat","embeddable":true,"href":"https:\/\/tridentboats.gr\/ro\/wp-json\/wp\/v2\/product_cat?post=6602"},{"taxonomy":"product_tag","embeddable":true,"href":"https:\/\/tridentboats.gr\/ro\/wp-json\/wp\/v2\/product_tag?post=6602"}],"curies":[{"name":"wp","href":"https:\/\/api.w.org\/{rel}","templated":true}]}}