{"id":188463,"date":"2025-01-29T12:35:21","date_gmt":"2025-01-29T12:35:21","guid":{"rendered":"https:\/\/tridentboats.gr\/?post_type=product&#038;p=188463"},"modified":"2025-01-29T12:35:23","modified_gmt":"2025-01-29T12:35:23","slug":"bucurie-12","status":"publish","type":"product","link":"https:\/\/tridentboats.gr\/ro\/produs\/bucurie-12\/","title":{"rendered":"Bucurie 12"},"content":{"rendered":"<p>Descoperi\u021bi Scorpion Silurian RIB, combina\u021bia perfect\u0103 de lux \u0219i performan\u021b\u0103. Proiectat\u0103 pentru a g\u0103zdui p\u00e2n\u0103 la 12 pasageri, inclusiv c\u0103pitanul, are dou\u0103 motoare Mercury de 250 CP pentru o c\u0103l\u0103torie lin\u0103 \u0219i puternic\u0103. Echipat cu un sistem de naviga\u021bie de ultim\u0103 genera\u021bie, sistem audio premium, du\u0219, scar\u0103 de sc\u0103ldat \u0219i umbr\u0103 ampl\u0103, este ideal at\u00e2t pentru relaxare, c\u00e2t \u0219i pentru aventur\u0103. \u00cenchirierea Bareboat este disponibil\u0103 la cerere pentru c\u0103pitanii cu experien\u021b\u0103.<\/p>\n<p>&nbsp;<\/p>\n<p>Caracteristici principale:<\/p>\n<p>- Acoperi\u0219 electric<\/p>\n<p>- Propulsoare de prova pentru manevrare u\u0219oar\u0103<\/p>\n<p>- Ancore electrice windlass<\/p>\n<p>- Bar umed cu patru frigidere<\/p>\n<p>- Cabin\u0103 spa\u021bioas\u0103 cu u\u0219i Goldwing \u0219i o toalet\u0103<\/p>\n<p>- Zona cu \u0219ezlonguri din fa\u021b\u0103<\/p>\n<p>- Sistem audio premium<\/p>\n<p>- Sistem de naviga\u021bie \u0219i infotainment de ultim\u0103 genera\u021bie<\/p>\n<p>- Spa\u021biu amplu de depozitare<\/p>\n<p>De obicei oferit cu un c\u0103pitan pentru croazier\u0103 de zi cu zi, dar \u00eenchiriere bareboat este disponibil la cerere.<\/p>","protected":false},"excerpt":{"rendered":"<p>Discover the Scorpion Silurian RIB, the perfect blend of luxury and performance. Designed to accommodate up to 12 passengers, including the Captain, it features twin 250HP Mercury engines for a smooth and powerful ride. Equipped with a state-of-the-art navigation system, [&hellip;]<\/p>\n","protected":false},"featured_media":188465,"template":"","meta":[],"product_cat":[34],"product_tag":[],"class_list":{"0":"post-188463","1":"product","2":"type-product","3":"status-publish","4":"has-post-thumbnail","6":"product_cat-ribs","8":"first","9":"instock","10":"shipping-taxable","11":"product-type-external"},"exclude_global_add_ons":[],"addons":[],"yoast_head":"<!-- This site is optimized with the Yoast SEO plugin v27.1.1 - https:\/\/yoast.com\/product\/yoast-seo-wordpress\/ -->\n<title>Joy 12 - Trident Boats - Rent a boat in Lefkada<\/title>\n<meta name=\"robots\" content=\"index, follow, max-snippet:-1, max-image-preview:large, max-video-preview:-1\" \/>\n<link rel=\"canonical\" href=\"https:\/\/tridentboats.gr\/ro\/produs\/bucurie-12\/\" \/>\n<meta property=\"og:locale\" content=\"ro_RO\" \/>\n<meta property=\"og:type\" content=\"article\" \/>\n<meta property=\"og:title\" content=\"Joy 12 - Trident Boats - Rent a boat in Lefkada\" \/>\n<meta property=\"og:description\" content=\"Discover the Scorpion Silurian RIB, the perfect blend of luxury and performance. Designed to accommodate up to 12 passengers, including the Captain, it features twin 250HP Mercury engines for a smooth and powerful ride. Equipped with a state-of-the-art navigation system, [&hellip;]\" \/>\n<meta property=\"og:url\" content=\"https:\/\/tridentboats.gr\/ro\/produs\/bucurie-12\/\" \/>\n<meta property=\"og:site_name\" content=\"Trident Boats - Rent a boat in Lefkada\" \/>\n<meta property=\"article:modified_time\" content=\"2025-01-29T12:35:23+00:00\" \/>\n<meta property=\"og:image\" content=\"https:\/\/tridentboats.gr\/wp-content\/uploads\/2025\/01\/4674A0AFD41AF23C15CDBF424FC7097F-scaled.jpeg\" \/>\n\t<meta property=\"og:image:width\" content=\"2560\" \/>\n\t<meta property=\"og:image:height\" content=\"1440\" \/>\n\t<meta property=\"og:image:type\" content=\"image\/jpeg\" \/>\n<meta name=\"twitter:card\" content=\"summary_large_image\" \/>\n<meta name=\"twitter:label1\" content=\"Timp estimat pentru citire\" \/>\n\t<meta name=\"twitter:data1\" content=\"1 minut\" \/>\n<script type=\"application\/ld+json\" class=\"yoast-schema-graph\">{\"@context\":\"https:\/\/schema.org\",\"@graph\":[{\"@type\":\"WebPage\",\"@id\":\"https:\/\/tridentboats.gr\/product\/joy-12\/\",\"url\":\"https:\/\/tridentboats.gr\/product\/joy-12\/\",\"name\":\"Joy 12 - Trident Boats - Rent a boat in Lefkada\",\"isPartOf\":{\"@id\":\"https:\/\/tridentboats.gr\/#website\"},\"primaryImageOfPage\":{\"@id\":\"https:\/\/tridentboats.gr\/product\/joy-12\/#primaryimage\"},\"image\":{\"@id\":\"https:\/\/tridentboats.gr\/product\/joy-12\/#primaryimage\"},\"thumbnailUrl\":\"https:\/\/tridentboats.gr\/wp-content\/uploads\/2025\/01\/4674A0AFD41AF23C15CDBF424FC7097F-scaled.jpeg\",\"datePublished\":\"2025-01-29T12:35:21+00:00\",\"dateModified\":\"2025-01-29T12:35:23+00:00\",\"breadcrumb\":{\"@id\":\"https:\/\/tridentboats.gr\/product\/joy-12\/#breadcrumb\"},\"inLanguage\":\"ro-RO\",\"potentialAction\":[{\"@type\":\"ReadAction\",\"target\":[\"https:\/\/tridentboats.gr\/product\/joy-12\/\"]}]},{\"@type\":\"ImageObject\",\"inLanguage\":\"ro-RO\",\"@id\":\"https:\/\/tridentboats.gr\/product\/joy-12\/#primaryimage\",\"url\":\"https:\/\/tridentboats.gr\/wp-content\/uploads\/2025\/01\/4674A0AFD41AF23C15CDBF424FC7097F-scaled.jpeg\",\"contentUrl\":\"https:\/\/tridentboats.gr\/wp-content\/uploads\/2025\/01\/4674A0AFD41AF23C15CDBF424FC7097F-scaled.jpeg\",\"width\":2560,\"height\":1440,\"caption\":\"default\"},{\"@type\":\"BreadcrumbList\",\"@id\":\"https:\/\/tridentboats.gr\/product\/joy-12\/#breadcrumb\",\"itemListElement\":[{\"@type\":\"ListItem\",\"position\":1,\"name\":\"Home\",\"item\":\"https:\/\/tridentboats.gr\/\"},{\"@type\":\"ListItem\",\"position\":2,\"name\":\"Shop\",\"item\":\"https:\/\/tridentboats.gr\/shop\/\"},{\"@type\":\"ListItem\",\"position\":3,\"name\":\"Joy 12\"}]},{\"@type\":\"WebSite\",\"@id\":\"https:\/\/tridentboats.gr\/#website\",\"url\":\"https:\/\/tridentboats.gr\/\",\"name\":\"Trident Boats - Rent a boat in Lefkada\",\"description\":\"\",\"potentialAction\":[{\"@type\":\"SearchAction\",\"target\":{\"@type\":\"EntryPoint\",\"urlTemplate\":\"https:\/\/tridentboats.gr\/?s={search_term_string}\"},\"query-input\":{\"@type\":\"PropertyValueSpecification\",\"valueRequired\":true,\"valueName\":\"search_term_string\"}}],\"inLanguage\":\"ro-RO\"}]}<\/script>\n<!-- \/ Yoast SEO plugin. -->","yoast_head_json":{"title":"Joy 12 - Trident Boats - \u00cenchiria\u021bi o barc\u0103 \u00een Lefkada","robots":{"index":"index","follow":"follow","max-snippet":"max-snippet:-1","max-image-preview":"max-image-preview:large","max-video-preview":"max-video-preview:-1"},"canonical":"https:\/\/tridentboats.gr\/ro\/produs\/bucurie-12\/","og_locale":"ro_RO","og_type":"article","og_title":"Joy 12 - Trident Boats - Rent a boat in Lefkada","og_description":"Discover the Scorpion Silurian RIB, the perfect blend of luxury and performance. Designed to accommodate up to 12 passengers, including the Captain, it features twin 250HP Mercury engines for a smooth and powerful ride. Equipped with a state-of-the-art navigation system, [&hellip;]","og_url":"https:\/\/tridentboats.gr\/ro\/produs\/bucurie-12\/","og_site_name":"Trident Boats - Rent a boat in Lefkada","article_modified_time":"2025-01-29T12:35:23+00:00","og_image":[{"width":2560,"height":1440,"url":"https:\/\/tridentboats.gr\/wp-content\/uploads\/2025\/01\/4674A0AFD41AF23C15CDBF424FC7097F-scaled.jpeg","type":"image\/jpeg"}],"twitter_card":"summary_large_image","twitter_misc":{"Timp estimat pentru citire":"1 minut"},"schema":{"@context":"https:\/\/schema.org","@graph":[{"@type":"WebPage","@id":"https:\/\/tridentboats.gr\/product\/joy-12\/","url":"https:\/\/tridentboats.gr\/product\/joy-12\/","name":"Joy 12 - Trident Boats - \u00cenchiria\u021bi o barc\u0103 \u00een Lefkada","isPartOf":{"@id":"https:\/\/tridentboats.gr\/#website"},"primaryImageOfPage":{"@id":"https:\/\/tridentboats.gr\/product\/joy-12\/#primaryimage"},"image":{"@id":"https:\/\/tridentboats.gr\/product\/joy-12\/#primaryimage"},"thumbnailUrl":"https:\/\/tridentboats.gr\/wp-content\/uploads\/2025\/01\/4674A0AFD41AF23C15CDBF424FC7097F-scaled.jpeg","datePublished":"2025-01-29T12:35:21+00:00","dateModified":"2025-01-29T12:35:23+00:00","breadcrumb":{"@id":"https:\/\/tridentboats.gr\/product\/joy-12\/#breadcrumb"},"inLanguage":"ro-RO","potentialAction":[{"@type":"ReadAction","target":["https:\/\/tridentboats.gr\/product\/joy-12\/"]}]},{"@type":"ImageObject","inLanguage":"ro-RO","@id":"https:\/\/tridentboats.gr\/product\/joy-12\/#primaryimage","url":"https:\/\/tridentboats.gr\/wp-content\/uploads\/2025\/01\/4674A0AFD41AF23C15CDBF424FC7097F-scaled.jpeg","contentUrl":"https:\/\/tridentboats.gr\/wp-content\/uploads\/2025\/01\/4674A0AFD41AF23C15CDBF424FC7097F-scaled.jpeg","width":2560,"height":1440,"caption":"default"},{"@type":"BreadcrumbList","@id":"https:\/\/tridentboats.gr\/product\/joy-12\/#breadcrumb","itemListElement":[{"@type":"ListItem","position":1,"name":"Home","item":"https:\/\/tridentboats.gr\/"},{"@type":"ListItem","position":2,"name":"Shop","item":"https:\/\/tridentboats.gr\/shop\/"},{"@type":"ListItem","position":3,"name":"Joy 12"}]},{"@type":"WebSite","@id":"https:\/\/tridentboats.gr\/#website","url":"https:\/\/tridentboats.gr\/","name":"Trident Boats - \u00cenchiria\u021bi o barc\u0103 \u00een Lefkada","description":"","potentialAction":[{"@type":"SearchAction","target":{"@type":"EntryPoint","urlTemplate":"https:\/\/tridentboats.gr\/?s={search_term_string}"},"query-input":{"@type":"PropertyValueSpecification","valueRequired":true,"valueName":"search_term_string"}}],"inLanguage":"ro-RO"}]}},"_links":{"self":[{"href":"https:\/\/tridentboats.gr\/ro\/wp-json\/wp\/v2\/product\/188463","targetHints":{"allow":["GET"]}}],"collection":[{"href":"https:\/\/tridentboats.gr\/ro\/wp-json\/wp\/v2\/product"}],"about":[{"href":"https:\/\/tridentboats.gr\/ro\/wp-json\/wp\/v2\/types\/product"}],"wp:featuredmedia":[{"embeddable":true,"href":"https:\/\/tridentboats.gr\/ro\/wp-json\/wp\/v2\/media\/188465"}],"wp:attachment":[{"href":"https:\/\/tridentboats.gr\/ro\/wp-json\/wp\/v2\/media?parent=188463"}],"wp:term":[{"taxonomy":"product_cat","embeddable":true,"href":"https:\/\/tridentboats.gr\/ro\/wp-json\/wp\/v2\/product_cat?post=188463"},{"taxonomy":"product_tag","embeddable":true,"href":"https:\/\/tridentboats.gr\/ro\/wp-json\/wp\/v2\/product_tag?post=188463"}],"curies":[{"name":"wp","href":"https:\/\/api.w.org\/{rel}","templated":true}]}}