{"id":1289,"date":"2024-06-29T11:27:36","date_gmt":"2024-06-29T11:27:36","guid":{"rendered":"http:\/\/trident.boursinos.gr\/?post_type=product&#038;p=1289"},"modified":"2026-02-09T16:11:18","modified_gmt":"2026-02-09T16:11:18","slug":"familie-deluxe-7-persoane-5m","status":"publish","type":"product","link":"https:\/\/tridentboats.gr\/ro\/produs\/familie-deluxe-7-persoane-5m\/","title":{"rendered":"FAMILY DELUXE (7 PERSOANE, 5M)"},"content":{"rendered":"<p><iframe title=\"Trident B\u0103rci de familie Deluxe 7\" width=\"500\" height=\"281\" src=\"https:\/\/www.youtube.com\/embed\/i6o_VMqIlzE?feature=oembed\" frameborder=\"0\" allow=\"accelerometer; autoplay; clipboard-write; encrypted-media; gyroscope; picture-in-picture; web-share\" referrerpolicy=\"strict-origin-when-cross-origin\" allowfullscreen><\/iframe><\/p>\n<p>&nbsp;<\/p>\n<div id=\"row-1857152968\" class=\"row\">\n<div id=\"col-1734766771\" class=\"col medium-1\/2 large-6\">\n<div class=\"col-inner\">\n<div class=\"wpb_text_column wpb_content_element\">\n<div class=\"wpb_wrapper\">\n<div class=\"wpb_text_column wpb_content_element\">\n<div class=\"wpb_wrapper\">\n<div class=\"wpb_text_column wpb_content_element\">\n<div class=\"wpb_wrapper\">\n<div class=\"wpb_text_column wpb_content_element\">\n<div class=\"wpb_wrapper\">\n<div class=\"wpb_text_column wpb_content_element\">\n<div class=\"wpb_wrapper\">\n<div class=\"wpb_text_column wpb_content_element\">\n<div class=\"wpb_wrapper\">\n<div class=\"wpb_text_column wpb_content_element\">\n<div class=\"wpb_wrapper\">\n<h3>Specifica\u021bii<\/h3>\n<div><\/div>\n<div>Lungime: 5m<\/div>\n<div>Pasageri: 7<\/div>\n<div>Capacitate combustibil: 25L principal, 10L rezerv\u0103<\/div>\n<div>Motor: 30HP MERCURY<\/div>\n<div>Vitez\u0103: 12-20 noduri (\u00een func\u021bie de capacitatea de pasageri)<\/div>\n<\/div>\n<\/div>\n<\/div>\n<\/div>\n<\/div>\n<\/div>\n<\/div>\n<\/div>\n<\/div>\n<\/div>\n<\/div>\n<\/div>\n<\/div>\n<\/div>\n<\/div>\n<\/div>\n<div id=\"col-13398018\" class=\"col medium-1\/2 large-6\">\n<div class=\"col-inner\">\n<div class=\"wpb_text_column wpb_content_element\">\n<div class=\"wpb_wrapper\">\n<div class=\"wpb_text_column wpb_content_element\">\n<div class=\"wpb_wrapper\">\n<div class=\"wpb_text_column wpb_content_element\">\n<div class=\"wpb_wrapper\">\n<div class=\"wpb_text_column wpb_content_element\">\n<div class=\"wpb_wrapper\">\n<div class=\"wpb_text_column wpb_content_element\">\n<div class=\"wpb_wrapper\">\n<div class=\"wpb_text_column wpb_content_element\">\n<div class=\"wpb_wrapper\">\n<div class=\"wpb_text_column wpb_content_element\">\n<div class=\"wpb_wrapper\">\n<h3>Echipament de salvare furnizat<\/h3>\n<\/div>\n<\/div>\n<div class=\"wpb_text_column wpb_content_element\">\n<div class=\"wpb_wrapper\">\n<ul>\n<li>Rezervor principal de 25 litri<\/li>\n<li>Rezervor de rezerv\u0103 de 10 litri<\/li>\n<li>Ancor\u0103<\/li>\n<li>Veste de salvare<\/li>\n<li>Flares<\/li>\n<li>Trus\u0103 de prim ajutor<\/li>\n<li>Geamandur\u0103 inel de salvare<\/li>\n<li>Tor\u021b\u0103<\/li>\n<li>Extinctoare<\/li>\n<li>Plut\u0103 de salvare<\/li>\n<li>Scar\u0103<\/li>\n<li>Potriviri<\/li>\n<\/ul>\n<\/div>\n<\/div>\n<\/div>\n<\/div>\n<\/div>\n<\/div>\n<\/div>\n<\/div>\n<\/div>\n<\/div>\n<\/div>\n<\/div>\n<\/div>\n<\/div>\n<\/div>\n<\/div>\n<\/div>\n<p>&nbsp;<\/p>\n<p>Numele b\u0103rcii ar putea fi diferit de fotografie! \u0218i scaunul c\u0103pitanului poate fi diferit de cel al b\u0103rcii!<\/p>\n<p>Combustibilul nu este inclus \u00een pre\u021bul de \u00eenchiriere \u0219i se taxeaz\u0103 la \u00eentoarcere \u00een func\u021bie de consum<\/p>","protected":false},"excerpt":{"rendered":"<p>&nbsp; Specifications Length: 5m Passengers: 7 Fuel Capacity: 25L Main, 10L Reserve Engine: 30HP MERCURY Speed: 12-20 Knots (Depending On Passenger Capacity) Life saving equipment supplied 25 litre main tank 10 litre reserve tank Anchor Life jackets Flares First Aid [&hellip;]<\/p>\n","protected":false},"featured_media":1294,"template":"","meta":[],"product_cat":[27],"product_tag":[],"class_list":{"0":"post-1289","1":"product","2":"type-product","3":"status-publish","4":"has-post-thumbnail","6":"product_cat-boats","8":"first","9":"instock","10":"virtual","11":"sold-individually","12":"purchasable","13":"product-type-booking"},"exclude_global_add_ons":false,"addons":[{"name":"Facilit\u0103\u021bi suplimentare","type":"checkbox","position":0,"required":false,"title_format":"label","default":"","description_enable":false,"description":"","placeholder_enable":false,"placeholder":"","display":"select","restrictions_type":"any_text","adjust_price":false,"price":"","price_type":"flat_fee","restrictions":false,"min":"0","max":"0","options":[{"label":"Towel 100% Greek Cotton","price":"18","price_type":"flat_fee","image":0,"visibility":true},{"label":"Adult Set of Mask and Snorkel","price":"25","price_type":"quantity_based","image":0,"visibility":true},{"label":"Fridge","price":"","price_type":"flat_fee","image":0,"visibility":true},{"label":"Ice","price":"3","price_type":"flat_fee","image":0,"visibility":true}],"id":1769438417}],"yoast_head":"<!-- This site is optimized with the Yoast SEO plugin v27.3 - https:\/\/yoast.com\/product\/yoast-seo-wordpress\/ -->\n<title>FAMILY DELUXE (7 PEOPLE, 5M) - Trident Boats - Rent a boat in Lefkada<\/title>\n<meta name=\"robots\" content=\"index, follow, max-snippet:-1, max-image-preview:large, max-video-preview:-1\" \/>\n<link rel=\"canonical\" href=\"https:\/\/tridentboats.gr\/ro\/produs\/familie-deluxe-7-persoane-5m\/\" \/>\n<meta property=\"og:locale\" content=\"ro_RO\" \/>\n<meta property=\"og:type\" content=\"article\" \/>\n<meta property=\"og:title\" content=\"FAMILY DELUXE (7 PEOPLE, 5M) - Trident Boats - Rent a boat in Lefkada\" \/>\n<meta property=\"og:description\" content=\"&nbsp; Specifications Length: 5m Passengers: 7 Fuel Capacity: 25L Main, 10L Reserve Engine: 30HP MERCURY Speed: 12-20 Knots (Depending On Passenger Capacity) Life saving equipment supplied 25 litre main tank 10 litre reserve tank Anchor Life jackets Flares First Aid [&hellip;]\" \/>\n<meta property=\"og:url\" content=\"https:\/\/tridentboats.gr\/ro\/produs\/familie-deluxe-7-persoane-5m\/\" \/>\n<meta property=\"og:site_name\" content=\"Trident Boats - Rent a boat in Lefkada\" \/>\n<meta property=\"article:modified_time\" content=\"2026-02-09T16:11:18+00:00\" \/>\n<meta property=\"og:image\" content=\"https:\/\/tridentboats.gr\/wp-content\/uploads\/2024\/06\/trident-boats-rent-a-boat-lefkada-family-deluxe-7-1-3.jpeg\" \/>\n\t<meta property=\"og:image:width\" content=\"1920\" \/>\n\t<meta property=\"og:image:height\" content=\"1244\" \/>\n\t<meta property=\"og:image:type\" content=\"image\/jpeg\" \/>\n<meta name=\"twitter:card\" content=\"summary_large_image\" \/>\n<meta name=\"twitter:label1\" content=\"Timp estimat pentru citire\" \/>\n\t<meta name=\"twitter:data1\" content=\"1 minut\" \/>\n<script type=\"application\/ld+json\" class=\"yoast-schema-graph\">{\"@context\":\"https:\\\/\\\/schema.org\",\"@graph\":[{\"@type\":\"WebPage\",\"@id\":\"https:\\\/\\\/tridentboats.gr\\\/product\\\/family-deluxe-7-people-5m\\\/\",\"url\":\"https:\\\/\\\/tridentboats.gr\\\/product\\\/family-deluxe-7-people-5m\\\/\",\"name\":\"FAMILY DELUXE (7 PEOPLE, 5M) - Trident Boats - Rent a boat in Lefkada\",\"isPartOf\":{\"@id\":\"https:\\\/\\\/tridentboats.gr\\\/#website\"},\"primaryImageOfPage\":{\"@id\":\"https:\\\/\\\/tridentboats.gr\\\/product\\\/family-deluxe-7-people-5m\\\/#primaryimage\"},\"image\":{\"@id\":\"https:\\\/\\\/tridentboats.gr\\\/product\\\/family-deluxe-7-people-5m\\\/#primaryimage\"},\"thumbnailUrl\":\"https:\\\/\\\/tridentboats.gr\\\/wp-content\\\/uploads\\\/2024\\\/06\\\/trident-boats-rent-a-boat-lefkada-family-deluxe-7-1-3.jpeg\",\"datePublished\":\"2024-06-29T11:27:36+00:00\",\"dateModified\":\"2026-02-09T16:11:18+00:00\",\"breadcrumb\":{\"@id\":\"https:\\\/\\\/tridentboats.gr\\\/product\\\/family-deluxe-7-people-5m\\\/#breadcrumb\"},\"inLanguage\":\"ro-RO\",\"potentialAction\":[{\"@type\":\"ReadAction\",\"target\":[\"https:\\\/\\\/tridentboats.gr\\\/product\\\/family-deluxe-7-people-5m\\\/\"]}]},{\"@type\":\"ImageObject\",\"inLanguage\":\"ro-RO\",\"@id\":\"https:\\\/\\\/tridentboats.gr\\\/product\\\/family-deluxe-7-people-5m\\\/#primaryimage\",\"url\":\"https:\\\/\\\/tridentboats.gr\\\/wp-content\\\/uploads\\\/2024\\\/06\\\/trident-boats-rent-a-boat-lefkada-family-deluxe-7-1-3.jpeg\",\"contentUrl\":\"https:\\\/\\\/tridentboats.gr\\\/wp-content\\\/uploads\\\/2024\\\/06\\\/trident-boats-rent-a-boat-lefkada-family-deluxe-7-1-3.jpeg\",\"width\":1920,\"height\":1244},{\"@type\":\"BreadcrumbList\",\"@id\":\"https:\\\/\\\/tridentboats.gr\\\/product\\\/family-deluxe-7-people-5m\\\/#breadcrumb\",\"itemListElement\":[{\"@type\":\"ListItem\",\"position\":1,\"name\":\"Home\",\"item\":\"https:\\\/\\\/tridentboats.gr\\\/\"},{\"@type\":\"ListItem\",\"position\":2,\"name\":\"Shop\",\"item\":\"https:\\\/\\\/tridentboats.gr\\\/shop\\\/\"},{\"@type\":\"ListItem\",\"position\":3,\"name\":\"FAMILY DELUXE (7 PEOPLE, 5M)\"}]},{\"@type\":\"WebSite\",\"@id\":\"https:\\\/\\\/tridentboats.gr\\\/#website\",\"url\":\"https:\\\/\\\/tridentboats.gr\\\/\",\"name\":\"Trident Boats - Rent a boat in Lefkada\",\"description\":\"\",\"potentialAction\":[{\"@type\":\"SearchAction\",\"target\":{\"@type\":\"EntryPoint\",\"urlTemplate\":\"https:\\\/\\\/tridentboats.gr\\\/?s={search_term_string}\"},\"query-input\":{\"@type\":\"PropertyValueSpecification\",\"valueRequired\":true,\"valueName\":\"search_term_string\"}}],\"inLanguage\":\"ro-RO\"}]}<\/script>\n<!-- \/ Yoast SEO plugin. -->","yoast_head_json":{"title":"FAMILY DELUXE (7 PERSOANE, 5M) - Trident Boats - Rent a boat in Lefkada","robots":{"index":"index","follow":"follow","max-snippet":"max-snippet:-1","max-image-preview":"max-image-preview:large","max-video-preview":"max-video-preview:-1"},"canonical":"https:\/\/tridentboats.gr\/ro\/produs\/familie-deluxe-7-persoane-5m\/","og_locale":"ro_RO","og_type":"article","og_title":"FAMILY DELUXE (7 PEOPLE, 5M) - Trident Boats - Rent a boat in Lefkada","og_description":"&nbsp; Specifications Length: 5m Passengers: 7 Fuel Capacity: 25L Main, 10L Reserve Engine: 30HP MERCURY Speed: 12-20 Knots (Depending On Passenger Capacity) Life saving equipment supplied 25 litre main tank 10 litre reserve tank Anchor Life jackets Flares First Aid [&hellip;]","og_url":"https:\/\/tridentboats.gr\/ro\/produs\/familie-deluxe-7-persoane-5m\/","og_site_name":"Trident Boats - Rent a boat in Lefkada","article_modified_time":"2026-02-09T16:11:18+00:00","og_image":[{"width":1920,"height":1244,"url":"https:\/\/tridentboats.gr\/wp-content\/uploads\/2024\/06\/trident-boats-rent-a-boat-lefkada-family-deluxe-7-1-3.jpeg","type":"image\/jpeg"}],"twitter_card":"summary_large_image","twitter_misc":{"Timp estimat pentru citire":"1 minut"},"schema":{"@context":"https:\/\/schema.org","@graph":[{"@type":"WebPage","@id":"https:\/\/tridentboats.gr\/product\/family-deluxe-7-people-5m\/","url":"https:\/\/tridentboats.gr\/product\/family-deluxe-7-people-5m\/","name":"FAMILY DELUXE (7 PERSOANE, 5M) - Trident Boats - Rent a boat in Lefkada","isPartOf":{"@id":"https:\/\/tridentboats.gr\/#website"},"primaryImageOfPage":{"@id":"https:\/\/tridentboats.gr\/product\/family-deluxe-7-people-5m\/#primaryimage"},"image":{"@id":"https:\/\/tridentboats.gr\/product\/family-deluxe-7-people-5m\/#primaryimage"},"thumbnailUrl":"https:\/\/tridentboats.gr\/wp-content\/uploads\/2024\/06\/trident-boats-rent-a-boat-lefkada-family-deluxe-7-1-3.jpeg","datePublished":"2024-06-29T11:27:36+00:00","dateModified":"2026-02-09T16:11:18+00:00","breadcrumb":{"@id":"https:\/\/tridentboats.gr\/product\/family-deluxe-7-people-5m\/#breadcrumb"},"inLanguage":"ro-RO","potentialAction":[{"@type":"ReadAction","target":["https:\/\/tridentboats.gr\/product\/family-deluxe-7-people-5m\/"]}]},{"@type":"ImageObject","inLanguage":"ro-RO","@id":"https:\/\/tridentboats.gr\/product\/family-deluxe-7-people-5m\/#primaryimage","url":"https:\/\/tridentboats.gr\/wp-content\/uploads\/2024\/06\/trident-boats-rent-a-boat-lefkada-family-deluxe-7-1-3.jpeg","contentUrl":"https:\/\/tridentboats.gr\/wp-content\/uploads\/2024\/06\/trident-boats-rent-a-boat-lefkada-family-deluxe-7-1-3.jpeg","width":1920,"height":1244},{"@type":"BreadcrumbList","@id":"https:\/\/tridentboats.gr\/product\/family-deluxe-7-people-5m\/#breadcrumb","itemListElement":[{"@type":"ListItem","position":1,"name":"Home","item":"https:\/\/tridentboats.gr\/"},{"@type":"ListItem","position":2,"name":"Shop","item":"https:\/\/tridentboats.gr\/shop\/"},{"@type":"ListItem","position":3,"name":"FAMILY DELUXE (7 PEOPLE, 5M)"}]},{"@type":"WebSite","@id":"https:\/\/tridentboats.gr\/#website","url":"https:\/\/tridentboats.gr\/","name":"Trident Boats - \u00cenchiria\u021bi o barc\u0103 \u00een Lefkada","description":"","potentialAction":[{"@type":"SearchAction","target":{"@type":"EntryPoint","urlTemplate":"https:\/\/tridentboats.gr\/?s={search_term_string}"},"query-input":{"@type":"PropertyValueSpecification","valueRequired":true,"valueName":"search_term_string"}}],"inLanguage":"ro-RO"}]}},"_links":{"self":[{"href":"https:\/\/tridentboats.gr\/ro\/wp-json\/wp\/v2\/product\/1289","targetHints":{"allow":["GET"]}}],"collection":[{"href":"https:\/\/tridentboats.gr\/ro\/wp-json\/wp\/v2\/product"}],"about":[{"href":"https:\/\/tridentboats.gr\/ro\/wp-json\/wp\/v2\/types\/product"}],"wp:featuredmedia":[{"embeddable":true,"href":"https:\/\/tridentboats.gr\/ro\/wp-json\/wp\/v2\/media\/1294"}],"wp:attachment":[{"href":"https:\/\/tridentboats.gr\/ro\/wp-json\/wp\/v2\/media?parent=1289"}],"wp:term":[{"taxonomy":"product_cat","embeddable":true,"href":"https:\/\/tridentboats.gr\/ro\/wp-json\/wp\/v2\/product_cat?post=1289"},{"taxonomy":"product_tag","embeddable":true,"href":"https:\/\/tridentboats.gr\/ro\/wp-json\/wp\/v2\/product_tag?post=1289"}],"curies":[{"name":"wp","href":"https:\/\/api.w.org\/{rel}","templated":true}]}}