{"id":187083,"date":"2024-06-30T15:03:29","date_gmt":"2024-06-30T15:03:29","guid":{"rendered":"http:\/\/trident.boursinos.gr\/?page_id=187083"},"modified":"2024-06-30T15:04:09","modified_gmt":"2024-06-30T15:04:09","slug":"politica-de-anulare-si-transferul-rezervarii","status":"publish","type":"page","link":"https:\/\/tridentboats.gr\/ro\/politica-de-anulare-si-transferul-rezervarii\/","title":{"rendered":"Politica de anulare \u0219i transfer de rezervare"},"content":{"rendered":"<div data-elementor-type=\"wp-page\" data-elementor-id=\"187083\" class=\"elementor elementor-187083\" data-elementor-post-type=\"page\">\n\t\t\t\t\t\t<section class=\"elementor-section elementor-top-section elementor-element elementor-element-6e3b6ea elementor-section-height-min-height elementor-section-full_width elementor-section-stretched elementor-section-height-default elementor-section-items-middle\" data-id=\"6e3b6ea\" data-element_type=\"section\" data-settings=\"{&quot;background_background&quot;:&quot;classic&quot;,&quot;hoteller_ext_is_background_parallax&quot;:&quot;true&quot;,&quot;stretch_section&quot;:&quot;section-stretched&quot;,&quot;hoteller_ext_is_background_parallax_speed&quot;:{&quot;unit&quot;:&quot;px&quot;,&quot;size&quot;:0.1,&quot;sizes&quot;:[]},&quot;hoteller_ext_is_background_on_scroll&quot;:&quot;false&quot;}\">\n\t\t\t\t\t\t\t<div class=\"elementor-background-overlay\"><\/div>\n\t\t\t\t\t\t\t<div class=\"elementor-container elementor-column-gap-no\">\n\t\t\t\t\t<div class=\"elementor-column elementor-col-100 elementor-top-column elementor-element elementor-element-6bc32b8\" data-id=\"6bc32b8\" data-element_type=\"column\" data-settings=\"{&quot;hoteller_ext_link_sidemenu&quot;:&quot;false&quot;,&quot;hoteller_ext_link_fullmenu&quot;:&quot;false&quot;,&quot;hoteller_ext_link_closed_fullmenu&quot;:&quot;false&quot;,&quot;hoteller_ext_is_scrollme&quot;:&quot;false&quot;,&quot;hoteller_ext_is_smoove&quot;:&quot;false&quot;,&quot;hoteller_ext_is_parallax_mouse&quot;:&quot;false&quot;,&quot;hoteller_ext_is_infinite&quot;:&quot;false&quot;,&quot;hoteller_ext_is_fadeout_animation&quot;:&quot;false&quot;,&quot;hoteller_ext_mobile_static&quot;:&quot;false&quot;}\">\n\t\t\t<div class=\"elementor-widget-wrap elementor-element-populated\">\n\t\t\t\t\t\t<div class=\"elementor-element elementor-element-97f0892 elementor-widget elementor-widget-heading\" data-id=\"97f0892\" data-element_type=\"widget\" data-settings=\"{&quot;hoteller_ext_link_sidemenu&quot;:&quot;false&quot;,&quot;hoteller_ext_link_fullmenu&quot;:&quot;false&quot;,&quot;hoteller_ext_link_closed_fullmenu&quot;:&quot;false&quot;,&quot;hoteller_ext_is_scrollme&quot;:&quot;false&quot;,&quot;hoteller_ext_is_smoove&quot;:&quot;false&quot;,&quot;hoteller_ext_is_parallax_mouse&quot;:&quot;false&quot;,&quot;hoteller_ext_is_infinite&quot;:&quot;false&quot;,&quot;hoteller_ext_is_fadeout_animation&quot;:&quot;false&quot;,&quot;hoteller_ext_mobile_static&quot;:&quot;false&quot;}\" data-widget_type=\"heading.default\">\n\t\t\t\t<div class=\"elementor-widget-container\">\n\t\t\t\t\t<h1 class=\"elementor-heading-title elementor-size-default\">Politica de anulare \u0219i transfer de rezervare<\/h1>\t\t\t\t<\/div>\n\t\t\t\t<\/div>\n\t\t\t\t\t<\/div>\n\t\t<\/div>\n\t\t\t\t\t<\/div>\n\t\t<\/section>\n\t\t<div class=\"elementor-element elementor-element-72a04c1 e-flex e-con-boxed e-con e-parent\" data-id=\"72a04c1\" data-element_type=\"container\" data-settings=\"{&quot;hoteller_ext_is_background_parallax&quot;:&quot;false&quot;,&quot;hoteller_ext_is_background_on_scroll&quot;:&quot;false&quot;,&quot;hoteller_ext_link_sidemenu&quot;:&quot;false&quot;,&quot;hoteller_ext_link_fullmenu&quot;:&quot;false&quot;,&quot;hoteller_ext_link_closed_fullmenu&quot;:&quot;false&quot;,&quot;hoteller_ext_is_scrollme&quot;:&quot;false&quot;,&quot;hoteller_ext_is_smoove&quot;:&quot;false&quot;,&quot;hoteller_ext_is_parallax_mouse&quot;:&quot;false&quot;,&quot;hoteller_ext_is_infinite&quot;:&quot;false&quot;,&quot;hoteller_ext_is_fadeout_animation&quot;:&quot;false&quot;,&quot;hoteller_ext_mobile_static&quot;:&quot;false&quot;}\">\n\t\t\t\t\t<div class=\"e-con-inner\">\n\t\t\t\t<div class=\"elementor-element elementor-element-aff18d1 elementor-widget elementor-widget-text-editor\" data-id=\"aff18d1\" data-element_type=\"widget\" data-settings=\"{&quot;hoteller_ext_link_sidemenu&quot;:&quot;false&quot;,&quot;hoteller_ext_link_fullmenu&quot;:&quot;false&quot;,&quot;hoteller_ext_link_closed_fullmenu&quot;:&quot;false&quot;,&quot;hoteller_ext_is_scrollme&quot;:&quot;false&quot;,&quot;hoteller_ext_is_smoove&quot;:&quot;false&quot;,&quot;hoteller_ext_is_parallax_mouse&quot;:&quot;false&quot;,&quot;hoteller_ext_is_infinite&quot;:&quot;false&quot;,&quot;hoteller_ext_is_fadeout_animation&quot;:&quot;false&quot;,&quot;hoteller_ext_mobile_static&quot;:&quot;false&quot;}\" data-widget_type=\"text-editor.default\">\n\t\t\t\t<div class=\"elementor-widget-container\">\n\t\t\t\t\t\t\t\t\t<div class=\"reset-3c756112--pageHeader-15724735\"><div class=\"reset-3c756112--pageHeaderInner-7c0f0284\"><div class=\"reset-3c756112--pageHeaderWrapperContent-6897c946\"><div class=\"reset-3c756112--horizontalFlex-5a0077e0\"><div class=\"reset-3c756112--pageHeaderIntro-0c1463da\"><p>\u00cen cazul anul\u0103rii charterului de c\u0103tre navlositor, din orice motiv, se va aplica urm\u0103toarea politic\u0103 de anulare, \u00een func\u021bie de intervalul de timp dintre confirmarea rezerv\u0103rii \u0219i data anul\u0103rii:<\/p><ol><li>Politica de \"cheltuieli de dosar\" (minim 150 Euro) va fi aplicat\u0103 pentru rezerv\u0103rile anulate \u00een perioada de timp de p\u00e2n\u0103 la 90 de zile \u00eenainte de \u00eembarcare.<\/li><li>Tax\u0103 de anulare de 30% din taxa total\u0103 de navlosire, pentru rezerv\u0103rile anulate \u00eentr-o perioad\u0103 cuprins\u0103 \u00eentre rezervare \u0219i 60 de zile \u00eenainte de \u00eembarcare.<\/li><li>Tax\u0103 de anulare de 50% din tariful total de charter, pentru rezerv\u0103rile anulate \u00eentr-o perioad\u0103 de 60 - 50 de zile \u00eenainte de \u00eembarcare.<\/li><li>Tax\u0103 de anulare de 80% din tariful total de charter, pentru rezerv\u0103rile anulate \u00eentr-o perioad\u0103 de 50 - 30 de zile \u00eenainte de \u00eembarcare.<\/li><li>Tax\u0103 de anulare de 100% din tariful total de navlosire, pentru rezerv\u0103rile anulate \u00een termen de 30 de zile \u00eenainte de \u00eembarcare.<\/li><\/ol><p>\u00a0<\/p><p>\u00cen cazul \u00een care iahtul care face obiectul anul\u0103rii este \u00eenchiriat din nou unui alt navlositor pentru aceea\u0219i perioad\u0103 \u0219i \u00een acelea\u0219i condi\u021bii, se vor percepe doar cheltuielile aferente dosarului.<\/p><p>Prelungirea \u00eenchirierii ambarca\u021biunii are loc numai dup\u0103 acordul cu Rib Cruises.<\/p><\/div><\/div><\/div><\/div><\/div>\t\t\t\t\t\t\t\t<\/div>\n\t\t\t\t<\/div>\n\t\t\t\t\t<\/div>\n\t\t\t\t<\/div>\n\t\t\t\t<\/div>","protected":false},"excerpt":{"rendered":"<p>Cancellation Policy and booking transfer In the event of cancellation of the charter by the Charterer, for any reason, the following cancellation policy will apply depending on the time-interval between the booking confirmation and the cancellation date: Policy of \u201cDossier\u2019s [&hellip;]<\/p>\n","protected":false},"author":1,"featured_media":0,"parent":0,"menu_order":0,"comment_status":"closed","ping_status":"closed","template":"","meta":{"footnotes":""},"class_list":["post-187083","page","type-page","status-publish","hentry"],"yoast_head":"<!-- This site is optimized with the Yoast SEO plugin v27.3 - https:\/\/yoast.com\/product\/yoast-seo-wordpress\/ -->\n<title>Cancellation Policy and booking transfer - Trident Boats - Rent a boat in Lefkada<\/title>\n<meta name=\"robots\" content=\"index, follow, max-snippet:-1, max-image-preview:large, max-video-preview:-1\" \/>\n<link rel=\"canonical\" href=\"https:\/\/tridentboats.gr\/ro\/politica-de-anulare-si-transferul-rezervarii\/\" \/>\n<meta property=\"og:locale\" content=\"ro_RO\" \/>\n<meta property=\"og:type\" content=\"article\" \/>\n<meta property=\"og:title\" content=\"Cancellation Policy and booking transfer - Trident Boats - Rent a boat in Lefkada\" \/>\n<meta property=\"og:description\" content=\"Cancellation Policy and booking transfer In the event of cancellation of the charter by the Charterer, for any reason, the following cancellation policy will apply depending on the time-interval between the booking confirmation and the cancellation date: Policy of \u201cDossier\u2019s [&hellip;]\" \/>\n<meta property=\"og:url\" content=\"https:\/\/tridentboats.gr\/ro\/politica-de-anulare-si-transferul-rezervarii\/\" \/>\n<meta property=\"og:site_name\" content=\"Trident Boats - Rent a boat in Lefkada\" \/>\n<meta property=\"article:modified_time\" content=\"2024-06-30T15:04:09+00:00\" \/>\n<meta name=\"twitter:card\" content=\"summary_large_image\" \/>\n<meta name=\"twitter:label1\" content=\"Timp estimat pentru citire\" \/>\n\t<meta name=\"twitter:data1\" content=\"1 minut\" \/>\n<script type=\"application\/ld+json\" class=\"yoast-schema-graph\">{\"@context\":\"https:\\\/\\\/schema.org\",\"@graph\":[{\"@type\":\"WebPage\",\"@id\":\"https:\\\/\\\/tridentboats.gr\\\/cancellation-policy-and-booking-transfer\\\/\",\"url\":\"https:\\\/\\\/tridentboats.gr\\\/cancellation-policy-and-booking-transfer\\\/\",\"name\":\"Cancellation Policy and booking transfer - Trident Boats - Rent a boat in Lefkada\",\"isPartOf\":{\"@id\":\"https:\\\/\\\/tridentboats.gr\\\/#website\"},\"datePublished\":\"2024-06-30T15:03:29+00:00\",\"dateModified\":\"2024-06-30T15:04:09+00:00\",\"breadcrumb\":{\"@id\":\"https:\\\/\\\/tridentboats.gr\\\/cancellation-policy-and-booking-transfer\\\/#breadcrumb\"},\"inLanguage\":\"ro-RO\",\"potentialAction\":[{\"@type\":\"ReadAction\",\"target\":[\"https:\\\/\\\/tridentboats.gr\\\/cancellation-policy-and-booking-transfer\\\/\"]}]},{\"@type\":\"BreadcrumbList\",\"@id\":\"https:\\\/\\\/tridentboats.gr\\\/cancellation-policy-and-booking-transfer\\\/#breadcrumb\",\"itemListElement\":[{\"@type\":\"ListItem\",\"position\":1,\"name\":\"Home\",\"item\":\"https:\\\/\\\/tridentboats.gr\\\/\"},{\"@type\":\"ListItem\",\"position\":2,\"name\":\"Cancellation Policy and booking transfer\"}]},{\"@type\":\"WebSite\",\"@id\":\"https:\\\/\\\/tridentboats.gr\\\/#website\",\"url\":\"https:\\\/\\\/tridentboats.gr\\\/\",\"name\":\"Trident Boats - Rent a boat in Lefkada\",\"description\":\"\",\"potentialAction\":[{\"@type\":\"SearchAction\",\"target\":{\"@type\":\"EntryPoint\",\"urlTemplate\":\"https:\\\/\\\/tridentboats.gr\\\/?s={search_term_string}\"},\"query-input\":{\"@type\":\"PropertyValueSpecification\",\"valueRequired\":true,\"valueName\":\"search_term_string\"}}],\"inLanguage\":\"ro-RO\"}]}<\/script>\n<!-- \/ Yoast SEO plugin. -->","yoast_head_json":{"title":"Politica de anulare \u0219i transfer de rezervare - Trident Boats - Rent a boat in Lefkada","robots":{"index":"index","follow":"follow","max-snippet":"max-snippet:-1","max-image-preview":"max-image-preview:large","max-video-preview":"max-video-preview:-1"},"canonical":"https:\/\/tridentboats.gr\/ro\/politica-de-anulare-si-transferul-rezervarii\/","og_locale":"ro_RO","og_type":"article","og_title":"Cancellation Policy and booking transfer - Trident Boats - Rent a boat in Lefkada","og_description":"Cancellation Policy and booking transfer In the event of cancellation of the charter by the Charterer, for any reason, the following cancellation policy will apply depending on the time-interval between the booking confirmation and the cancellation date: Policy of \u201cDossier\u2019s [&hellip;]","og_url":"https:\/\/tridentboats.gr\/ro\/politica-de-anulare-si-transferul-rezervarii\/","og_site_name":"Trident Boats - Rent a boat in Lefkada","article_modified_time":"2024-06-30T15:04:09+00:00","twitter_card":"summary_large_image","twitter_misc":{"Timp estimat pentru citire":"1 minut"},"schema":{"@context":"https:\/\/schema.org","@graph":[{"@type":"WebPage","@id":"https:\/\/tridentboats.gr\/cancellation-policy-and-booking-transfer\/","url":"https:\/\/tridentboats.gr\/cancellation-policy-and-booking-transfer\/","name":"Politica de anulare \u0219i transfer de rezervare - Trident Boats - Rent a boat in Lefkada","isPartOf":{"@id":"https:\/\/tridentboats.gr\/#website"},"datePublished":"2024-06-30T15:03:29+00:00","dateModified":"2024-06-30T15:04:09+00:00","breadcrumb":{"@id":"https:\/\/tridentboats.gr\/cancellation-policy-and-booking-transfer\/#breadcrumb"},"inLanguage":"ro-RO","potentialAction":[{"@type":"ReadAction","target":["https:\/\/tridentboats.gr\/cancellation-policy-and-booking-transfer\/"]}]},{"@type":"BreadcrumbList","@id":"https:\/\/tridentboats.gr\/cancellation-policy-and-booking-transfer\/#breadcrumb","itemListElement":[{"@type":"ListItem","position":1,"name":"Home","item":"https:\/\/tridentboats.gr\/"},{"@type":"ListItem","position":2,"name":"Cancellation Policy and booking transfer"}]},{"@type":"WebSite","@id":"https:\/\/tridentboats.gr\/#website","url":"https:\/\/tridentboats.gr\/","name":"Trident Boats - \u00cenchiria\u021bi o barc\u0103 \u00een Lefkada","description":"","potentialAction":[{"@type":"SearchAction","target":{"@type":"EntryPoint","urlTemplate":"https:\/\/tridentboats.gr\/?s={search_term_string}"},"query-input":{"@type":"PropertyValueSpecification","valueRequired":true,"valueName":"search_term_string"}}],"inLanguage":"ro-RO"}]}},"_links":{"self":[{"href":"https:\/\/tridentboats.gr\/ro\/wp-json\/wp\/v2\/pages\/187083","targetHints":{"allow":["GET"]}}],"collection":[{"href":"https:\/\/tridentboats.gr\/ro\/wp-json\/wp\/v2\/pages"}],"about":[{"href":"https:\/\/tridentboats.gr\/ro\/wp-json\/wp\/v2\/types\/page"}],"author":[{"embeddable":true,"href":"https:\/\/tridentboats.gr\/ro\/wp-json\/wp\/v2\/users\/1"}],"replies":[{"embeddable":true,"href":"https:\/\/tridentboats.gr\/ro\/wp-json\/wp\/v2\/comments?post=187083"}],"version-history":[{"count":4,"href":"https:\/\/tridentboats.gr\/ro\/wp-json\/wp\/v2\/pages\/187083\/revisions"}],"predecessor-version":[{"id":187087,"href":"https:\/\/tridentboats.gr\/ro\/wp-json\/wp\/v2\/pages\/187083\/revisions\/187087"}],"wp:attachment":[{"href":"https:\/\/tridentboats.gr\/ro\/wp-json\/wp\/v2\/media?parent=187083"}],"curies":[{"name":"wp","href":"https:\/\/api.w.org\/{rel}","templated":true}]}}