{"id":188920,"date":"2025-05-31T09:59:10","date_gmt":"2025-05-31T09:59:10","guid":{"rendered":"https:\/\/tridentboats.gr\/?post_type=product&#038;p=188920"},"modified":"2025-05-31T09:59:27","modified_gmt":"2025-05-31T09:59:27","slug":"gioia-10-persone-7m-2","status":"publish","type":"product","link":"https:\/\/tridentboats.gr\/it\/prodotto\/gioia-10-persone-7m-2\/","title":{"rendered":"Gioia (10 persone, 7m)"},"content":{"rendered":"<p><a href=\"https:\/\/tridentboats.gr\/it\/prodotto\/gioia-10-persone-7m\/\">Gioia (10 persone, 7m)<\/a><iframe src=\"https:\/\/www.youtube.com\/embed\/lN47zsmJZFY\" width=\"1280\" height=\"720\" frameborder=\"0\" allowfullscreen=\"allowfullscreen\"><\/iframe><\/p>\n<p><span style=\"font-size: 130%;\">Specifiche tecniche<\/span><\/p>\n<div class=\"wpb_text_column wpb_content_element\">\n<div class=\"wpb_wrapper\">\n<div class=\"wpb_text_column wpb_content_element\">\n<div class=\"wpb_wrapper\">\n<div class=\"wpb_text_column wpb_content_element\">\n<div class=\"wpb_wrapper\">\n<p><span style=\"font-size: 130%;\">Lunghezza: 7 m<\/span><br \/>\n<span style=\"font-size: 130%;\">Larghezza: 2,8 m<\/span><br \/>\n<span style=\"font-size: 130%;\">Passeggeri: 10 <\/span><br \/>\n<span style=\"font-size: 130%;\">Capacit\u00e0 carburante: 200L<\/span><br \/>\n<span style=\"font-size: 130%;\">Acqua: 80L<\/span><br \/>\n<span style=\"font-size: 130%;\">Motore: 1x150HP MERCURY <\/span><br \/>\n<span style=\"font-size: 130%;\">Velocit\u00e0 di crociera: 23 nodi<\/span><br \/>\n<span style=\"font-size: 130%;\">Consumo: 1,5L per chilometro 6PAX in crociera<\/span><br \/>\n<span style=\"font-size: 130%;\">Velocit\u00e0 massima: 37 nodi<\/span><br \/>\n<span style=\"font-size: 130%;\">Extra: Doccia<\/span><\/p>\n<\/div>\n<\/div>\n<\/div>\n<\/div>\n<\/div>\n<\/div>","protected":false},"excerpt":{"rendered":"<p>Joy (10 persone, 7m) Specifiche Lunghezza: 7m Larghezza: 2.8m Passeggeri: 10 Capacit\u00e0 carburante: 200L Acqua: 80L Motore: 1x150HP MERCURY Velocit\u00e0 di crociera: 23 Nodi Consumo: 1,5L per miglio 6PAX di crociera Velocit\u00e0 massima: 37 nodi Extra: Doccia<\/p>","protected":false},"featured_media":3583,"template":"","meta":[],"product_cat":[41],"product_tag":[],"class_list":{"0":"post-188920","1":"product","2":"type-product","3":"status-publish","4":"has-post-thumbnail","6":"product_cat-speedboats-ribs","8":"first","9":"instock","10":"shipping-taxable","11":"product-type-external"},"exclude_global_add_ons":[],"addons":[],"yoast_head":"<!-- This site is optimized with the Yoast SEO plugin v27.1.1 - https:\/\/yoast.com\/product\/yoast-seo-wordpress\/ -->\n<title>Joy (10 people, 7m) - Trident Boats - Rent a boat in Lefkada<\/title>\n<meta name=\"robots\" content=\"index, follow, max-snippet:-1, max-image-preview:large, max-video-preview:-1\" \/>\n<link rel=\"canonical\" href=\"https:\/\/tridentboats.gr\/it\/prodotto\/gioia-10-persone-7m-2\/\" \/>\n<meta property=\"og:locale\" content=\"it_IT\" \/>\n<meta property=\"og:type\" content=\"article\" \/>\n<meta property=\"og:title\" content=\"Joy (10 people, 7m) - Trident Boats - Rent a boat in Lefkada\" \/>\n<meta property=\"og:description\" content=\"Joy (10 people, 7m) Specifications Length: 7m Width: 2.8m Passengers: 10 Fuel Capacity: 200L Water: 80L Engine: 1x150HP MERCURY Cruising Speed: 23 Knots Consumption: 1.5L per mile 6PAX cruising Max Speed: 37 Knots Extra: Shower\" \/>\n<meta property=\"og:url\" content=\"https:\/\/tridentboats.gr\/it\/prodotto\/gioia-10-persone-7m-2\/\" \/>\n<meta property=\"og:site_name\" content=\"Trident Boats - Rent a boat in Lefkada\" \/>\n<meta property=\"article:modified_time\" content=\"2025-05-31T09:59:27+00:00\" \/>\n<meta property=\"og:image\" content=\"https:\/\/tridentboats.gr\/wp-content\/uploads\/2024\/06\/trident-boats-rent-a-rib-lefkada-joy-6.jpeg\" \/>\n\t<meta property=\"og:image:width\" content=\"1920\" \/>\n\t<meta property=\"og:image:height\" content=\"1346\" \/>\n\t<meta property=\"og:image:type\" content=\"image\/jpeg\" \/>\n<meta name=\"twitter:card\" content=\"summary_large_image\" \/>\n<meta name=\"twitter:label1\" content=\"Tempo di lettura stimato\" \/>\n\t<meta name=\"twitter:data1\" content=\"1 minuto\" \/>\n<script type=\"application\/ld+json\" class=\"yoast-schema-graph\">{\"@context\":\"https:\/\/schema.org\",\"@graph\":[{\"@type\":\"WebPage\",\"@id\":\"https:\/\/tridentboats.gr\/product\/joy-10-people-7m-2\/\",\"url\":\"https:\/\/tridentboats.gr\/product\/joy-10-people-7m-2\/\",\"name\":\"Joy (10 people, 7m) - Trident Boats - Rent a boat in Lefkada\",\"isPartOf\":{\"@id\":\"https:\/\/tridentboats.gr\/#website\"},\"primaryImageOfPage\":{\"@id\":\"https:\/\/tridentboats.gr\/product\/joy-10-people-7m-2\/#primaryimage\"},\"image\":{\"@id\":\"https:\/\/tridentboats.gr\/product\/joy-10-people-7m-2\/#primaryimage\"},\"thumbnailUrl\":\"https:\/\/tridentboats.gr\/wp-content\/uploads\/2024\/06\/trident-boats-rent-a-rib-lefkada-joy-6.jpeg\",\"datePublished\":\"2025-05-31T09:59:10+00:00\",\"dateModified\":\"2025-05-31T09:59:27+00:00\",\"breadcrumb\":{\"@id\":\"https:\/\/tridentboats.gr\/product\/joy-10-people-7m-2\/#breadcrumb\"},\"inLanguage\":\"it-IT\",\"potentialAction\":[{\"@type\":\"ReadAction\",\"target\":[\"https:\/\/tridentboats.gr\/product\/joy-10-people-7m-2\/\"]}]},{\"@type\":\"ImageObject\",\"inLanguage\":\"it-IT\",\"@id\":\"https:\/\/tridentboats.gr\/product\/joy-10-people-7m-2\/#primaryimage\",\"url\":\"https:\/\/tridentboats.gr\/wp-content\/uploads\/2024\/06\/trident-boats-rent-a-rib-lefkada-joy-6.jpeg\",\"contentUrl\":\"https:\/\/tridentboats.gr\/wp-content\/uploads\/2024\/06\/trident-boats-rent-a-rib-lefkada-joy-6.jpeg\",\"width\":1920,\"height\":1346},{\"@type\":\"BreadcrumbList\",\"@id\":\"https:\/\/tridentboats.gr\/product\/joy-10-people-7m-2\/#breadcrumb\",\"itemListElement\":[{\"@type\":\"ListItem\",\"position\":1,\"name\":\"Home\",\"item\":\"https:\/\/tridentboats.gr\/\"},{\"@type\":\"ListItem\",\"position\":2,\"name\":\"Shop\",\"item\":\"https:\/\/tridentboats.gr\/shop\/\"},{\"@type\":\"ListItem\",\"position\":3,\"name\":\"Joy (10 people, 7m)\"}]},{\"@type\":\"WebSite\",\"@id\":\"https:\/\/tridentboats.gr\/#website\",\"url\":\"https:\/\/tridentboats.gr\/\",\"name\":\"Trident Boats - Rent a boat in Lefkada\",\"description\":\"\",\"potentialAction\":[{\"@type\":\"SearchAction\",\"target\":{\"@type\":\"EntryPoint\",\"urlTemplate\":\"https:\/\/tridentboats.gr\/?s={search_term_string}\"},\"query-input\":{\"@type\":\"PropertyValueSpecification\",\"valueRequired\":true,\"valueName\":\"search_term_string\"}}],\"inLanguage\":\"it-IT\"}]}<\/script>\n<!-- \/ Yoast SEO plugin. -->","yoast_head_json":{"title":"Joy (10 persone, 7m) - Trident Boats - Noleggio barche a Lefkada","robots":{"index":"index","follow":"follow","max-snippet":"max-snippet:-1","max-image-preview":"max-image-preview:large","max-video-preview":"max-video-preview:-1"},"canonical":"https:\/\/tridentboats.gr\/it\/prodotto\/gioia-10-persone-7m-2\/","og_locale":"it_IT","og_type":"article","og_title":"Joy (10 people, 7m) - Trident Boats - Rent a boat in Lefkada","og_description":"Joy (10 people, 7m) Specifications Length: 7m Width: 2.8m Passengers: 10 Fuel Capacity: 200L Water: 80L Engine: 1x150HP MERCURY Cruising Speed: 23 Knots Consumption: 1.5L per mile 6PAX cruising Max Speed: 37 Knots Extra: Shower","og_url":"https:\/\/tridentboats.gr\/it\/prodotto\/gioia-10-persone-7m-2\/","og_site_name":"Trident Boats - Rent a boat in Lefkada","article_modified_time":"2025-05-31T09:59:27+00:00","og_image":[{"width":1920,"height":1346,"url":"https:\/\/tridentboats.gr\/wp-content\/uploads\/2024\/06\/trident-boats-rent-a-rib-lefkada-joy-6.jpeg","type":"image\/jpeg"}],"twitter_card":"summary_large_image","twitter_misc":{"Tempo di lettura stimato":"1 minuto"},"schema":{"@context":"https:\/\/schema.org","@graph":[{"@type":"WebPage","@id":"https:\/\/tridentboats.gr\/product\/joy-10-people-7m-2\/","url":"https:\/\/tridentboats.gr\/product\/joy-10-people-7m-2\/","name":"Joy (10 persone, 7m) - Trident Boats - Noleggio barche a Lefkada","isPartOf":{"@id":"https:\/\/tridentboats.gr\/#website"},"primaryImageOfPage":{"@id":"https:\/\/tridentboats.gr\/product\/joy-10-people-7m-2\/#primaryimage"},"image":{"@id":"https:\/\/tridentboats.gr\/product\/joy-10-people-7m-2\/#primaryimage"},"thumbnailUrl":"https:\/\/tridentboats.gr\/wp-content\/uploads\/2024\/06\/trident-boats-rent-a-rib-lefkada-joy-6.jpeg","datePublished":"2025-05-31T09:59:10+00:00","dateModified":"2025-05-31T09:59:27+00:00","breadcrumb":{"@id":"https:\/\/tridentboats.gr\/product\/joy-10-people-7m-2\/#breadcrumb"},"inLanguage":"it-IT","potentialAction":[{"@type":"ReadAction","target":["https:\/\/tridentboats.gr\/product\/joy-10-people-7m-2\/"]}]},{"@type":"ImageObject","inLanguage":"it-IT","@id":"https:\/\/tridentboats.gr\/product\/joy-10-people-7m-2\/#primaryimage","url":"https:\/\/tridentboats.gr\/wp-content\/uploads\/2024\/06\/trident-boats-rent-a-rib-lefkada-joy-6.jpeg","contentUrl":"https:\/\/tridentboats.gr\/wp-content\/uploads\/2024\/06\/trident-boats-rent-a-rib-lefkada-joy-6.jpeg","width":1920,"height":1346},{"@type":"BreadcrumbList","@id":"https:\/\/tridentboats.gr\/product\/joy-10-people-7m-2\/#breadcrumb","itemListElement":[{"@type":"ListItem","position":1,"name":"Home","item":"https:\/\/tridentboats.gr\/"},{"@type":"ListItem","position":2,"name":"Shop","item":"https:\/\/tridentboats.gr\/shop\/"},{"@type":"ListItem","position":3,"name":"Joy (10 people, 7m)"}]},{"@type":"WebSite","@id":"https:\/\/tridentboats.gr\/#website","url":"https:\/\/tridentboats.gr\/","name":"Trident Boats - Noleggio barche a Lefkada","description":"","potentialAction":[{"@type":"SearchAction","target":{"@type":"EntryPoint","urlTemplate":"https:\/\/tridentboats.gr\/?s={search_term_string}"},"query-input":{"@type":"PropertyValueSpecification","valueRequired":true,"valueName":"search_term_string"}}],"inLanguage":"it-IT"}]}},"_links":{"self":[{"href":"https:\/\/tridentboats.gr\/it\/wp-json\/wp\/v2\/product\/188920","targetHints":{"allow":["GET"]}}],"collection":[{"href":"https:\/\/tridentboats.gr\/it\/wp-json\/wp\/v2\/product"}],"about":[{"href":"https:\/\/tridentboats.gr\/it\/wp-json\/wp\/v2\/types\/product"}],"wp:featuredmedia":[{"embeddable":true,"href":"https:\/\/tridentboats.gr\/it\/wp-json\/wp\/v2\/media\/3583"}],"wp:attachment":[{"href":"https:\/\/tridentboats.gr\/it\/wp-json\/wp\/v2\/media?parent=188920"}],"wp:term":[{"taxonomy":"product_cat","embeddable":true,"href":"https:\/\/tridentboats.gr\/it\/wp-json\/wp\/v2\/product_cat?post=188920"},{"taxonomy":"product_tag","embeddable":true,"href":"https:\/\/tridentboats.gr\/it\/wp-json\/wp\/v2\/product_tag?post=188920"}],"curies":[{"name":"wp","href":"https:\/\/api.w.org\/{rel}","templated":true}]}}