{"id":187116,"date":"2024-07-01T16:23:58","date_gmt":"2024-07-01T16:23:58","guid":{"rendered":"http:\/\/trident.boursinos.gr\/?page_id=187116"},"modified":"2024-07-01T16:25:24","modified_gmt":"2024-07-01T16:25:24","slug":"lefkada","status":"publish","type":"page","link":"https:\/\/tridentboats.gr\/it\/destinazioni\/lefkada\/","title":{"rendered":"Leucade"},"content":{"rendered":"<div data-elementor-type=\"wp-page\" data-elementor-id=\"187116\" class=\"elementor elementor-187116\" data-elementor-post-type=\"page\">\n\t\t\t\t\t\t<section class=\"elementor-section elementor-top-section elementor-element elementor-element-6e3b6ea elementor-section-height-min-height elementor-section-full_width elementor-section-stretched elementor-section-height-default elementor-section-items-middle\" data-id=\"6e3b6ea\" data-element_type=\"section\" data-settings=\"{&quot;background_background&quot;:&quot;classic&quot;,&quot;hoteller_ext_is_background_parallax&quot;:&quot;true&quot;,&quot;stretch_section&quot;:&quot;section-stretched&quot;,&quot;hoteller_ext_is_background_parallax_speed&quot;:{&quot;unit&quot;:&quot;px&quot;,&quot;size&quot;:0.1,&quot;sizes&quot;:[]},&quot;hoteller_ext_is_background_on_scroll&quot;:&quot;false&quot;}\">\n\t\t\t\t\t\t\t<div class=\"elementor-background-overlay\"><\/div>\n\t\t\t\t\t\t\t<div class=\"elementor-container elementor-column-gap-no\">\n\t\t\t\t\t<div class=\"elementor-column elementor-col-100 elementor-top-column elementor-element elementor-element-6bc32b8\" data-id=\"6bc32b8\" data-element_type=\"column\" data-settings=\"{&quot;hoteller_ext_link_sidemenu&quot;:&quot;false&quot;,&quot;hoteller_ext_link_fullmenu&quot;:&quot;false&quot;,&quot;hoteller_ext_link_closed_fullmenu&quot;:&quot;false&quot;,&quot;hoteller_ext_is_scrollme&quot;:&quot;false&quot;,&quot;hoteller_ext_is_smoove&quot;:&quot;false&quot;,&quot;hoteller_ext_is_parallax_mouse&quot;:&quot;false&quot;,&quot;hoteller_ext_is_infinite&quot;:&quot;false&quot;,&quot;hoteller_ext_is_fadeout_animation&quot;:&quot;false&quot;,&quot;hoteller_ext_mobile_static&quot;:&quot;false&quot;}\">\n\t\t\t<div class=\"elementor-widget-wrap elementor-element-populated\">\n\t\t\t\t\t\t<div class=\"elementor-element elementor-element-97f0892 elementor-widget elementor-widget-heading\" data-id=\"97f0892\" data-element_type=\"widget\" data-settings=\"{&quot;hoteller_ext_link_sidemenu&quot;:&quot;false&quot;,&quot;hoteller_ext_link_fullmenu&quot;:&quot;false&quot;,&quot;hoteller_ext_link_closed_fullmenu&quot;:&quot;false&quot;,&quot;hoteller_ext_is_scrollme&quot;:&quot;false&quot;,&quot;hoteller_ext_is_smoove&quot;:&quot;false&quot;,&quot;hoteller_ext_is_parallax_mouse&quot;:&quot;false&quot;,&quot;hoteller_ext_is_infinite&quot;:&quot;false&quot;,&quot;hoteller_ext_is_fadeout_animation&quot;:&quot;false&quot;,&quot;hoteller_ext_mobile_static&quot;:&quot;false&quot;}\" data-widget_type=\"heading.default\">\n\t\t\t\t<div class=\"elementor-widget-container\">\n\t\t\t\t\t<h1 class=\"elementor-heading-title elementor-size-default\">Leucade<\/h1>\t\t\t\t<\/div>\n\t\t\t\t<\/div>\n\t\t\t\t\t<\/div>\n\t\t<\/div>\n\t\t\t\t\t<\/div>\n\t\t<\/section>\n\t\t<div class=\"elementor-element elementor-element-feceab1 e-flex e-con-boxed e-con e-parent\" data-id=\"feceab1\" data-element_type=\"container\" data-settings=\"{&quot;hoteller_ext_is_background_parallax&quot;:&quot;false&quot;,&quot;hoteller_ext_is_background_on_scroll&quot;:&quot;false&quot;,&quot;hoteller_ext_link_sidemenu&quot;:&quot;false&quot;,&quot;hoteller_ext_link_fullmenu&quot;:&quot;false&quot;,&quot;hoteller_ext_link_closed_fullmenu&quot;:&quot;false&quot;,&quot;hoteller_ext_is_scrollme&quot;:&quot;false&quot;,&quot;hoteller_ext_is_smoove&quot;:&quot;false&quot;,&quot;hoteller_ext_is_parallax_mouse&quot;:&quot;false&quot;,&quot;hoteller_ext_is_infinite&quot;:&quot;false&quot;,&quot;hoteller_ext_is_fadeout_animation&quot;:&quot;false&quot;,&quot;hoteller_ext_mobile_static&quot;:&quot;false&quot;}\">\n\t\t\t\t\t<div class=\"e-con-inner\">\n\t\t\t\t<div class=\"elementor-element elementor-element-e648611 elementor-widget elementor-widget-text-editor\" data-id=\"e648611\" data-element_type=\"widget\" data-settings=\"{&quot;hoteller_ext_link_sidemenu&quot;:&quot;false&quot;,&quot;hoteller_ext_link_fullmenu&quot;:&quot;false&quot;,&quot;hoteller_ext_link_closed_fullmenu&quot;:&quot;false&quot;,&quot;hoteller_ext_is_scrollme&quot;:&quot;false&quot;,&quot;hoteller_ext_is_smoove&quot;:&quot;false&quot;,&quot;hoteller_ext_is_parallax_mouse&quot;:&quot;false&quot;,&quot;hoteller_ext_is_infinite&quot;:&quot;false&quot;,&quot;hoteller_ext_is_fadeout_animation&quot;:&quot;false&quot;,&quot;hoteller_ext_mobile_static&quot;:&quot;false&quot;}\" data-widget_type=\"text-editor.default\">\n\t\t\t\t<div class=\"elementor-widget-container\">\n\t\t\t\t\t\t\t\t\t<div class=\"wpb_text_column wpb_content_element\">\n<div class=\"wpb_wrapper\">\n<p>Lefkada \u00e8 un'isola del Mar Ionio e appartiene al complesso insulare di Eptanisa. Si trova tra le isole di Corf\u00f9 e Cefalonia. \u00c8 molto vicina alle coste della Grecia occidentale. Solo una piccola striscia di mare separa l'isola dall'Akarnania e un ponte galleggiante di cinquanta metri le collega.<\/p>\n<\/div>\n<\/div>\n<div class=\"separator transparent\">&nbsp;<span style=\"font-size: 16px; text-align: var(--text-align);\">Lefkada si estende su una superficie di 302,5 chilometri quadrati ed \u00e8 la quarta isola del complesso eptanese per dimensioni, con una popolazione di 23.000 persone. Lefkada, insieme alle isole di Meganissi, Kalamos, Kastos, Scorpios, Skorpidi, Mathouri, Sparti, Thilia, Kythros e altre pi\u00f9 piccole che le circondano, costituisce la provincia di Lefkada con la citt\u00e0 di Leukada come capoluogo ed \u00e8 divisa in 6 comuni (Lefkada, Ellomenos, Apollonion, Karyas, Sfakioton e Meganissi) e due contee (Kalamos e Kastos).<\/span><\/div>\n<div class=\"separator transparent\"><span style=\"font-size: 16px; text-align: var(--text-align);\"><br><\/span><\/div><div class=\"separator transparent\"><span style=\"font-size: 16px; text-align: var(--text-align);\">Il clima dell'isola \u00e8 mediterraneo, con lunghi periodi di sole durante tutto l'anno, un inverno temperato ma piovoso e un'estate calda ma piacevole grazie alla brezza rinfrescante. Il 70% di Lefkada \u00e8 coperto da montagne. La cima pi\u00f9 alta di tutte \u00e8 Stavrota (1.182 m) con Elati (1.126 \u03bc.) che segue al secondo posto e San Lias (1.014 m) e Mega Oros (1.012 m) al terzo e quarto posto. Sul lato occidentale dell'isola, piuttosto ripido, si trovano molte lunghe spiagge sabbiose. Lefkada possiede stretti altopiani, valli fertili e canyon con ricche piantagioni, mentre la flora \u00e8 notevole e comprende ulivi, cipressi, una variet\u00e0 di pini, una particolare variet\u00e0 di quercia, erbe aromatiche e fiori rari.<\/span><\/div>\n<div class=\"separator transparent\">&nbsp;<br><span style=\"font-size: 16px; text-align: var(--text-align);\">L'isola \u00e8 ricca di sorgenti, come quella nota di Kerasia a Sivros, di torrenti che a volte diventano piuttosto violenti e formano piccole cataratte come quella di Nydri, di Dimosaris e di canyon impressionanti come quelli di Mellisa di Sfakiotes e di Haradiatikos. I due laghi salati nella parte settentrionale dell'isola sono una riserva molto importante per molte specie di uccelli.<\/span><\/div>\n<div class=\"separator transparent\">&nbsp;<\/div><div class=\"separator transparent\"><span style=\"font-size: 16px; text-align: var(--text-align);\">Anche la costa di Lefkada \u00e8 molto ricca. \u00c8 composta da spiagge impressionanti, penisole, promontori - il Capo di Lefkata in particolare - insenature che creano magnifici porti naturali, distinguendo quelli di Vlihos, Syvota e Routha a est e Vassiliki nella parte meridionale dell'isola. Molte insenature consecutive esistono a Meganissi, creando piccoli ma impressionanti fiordi.<\/span><\/div>\t\t\t\t\t\t\t\t<\/div>\n\t\t\t\t<\/div>\n\t\t\t\t\t<\/div>\n\t\t\t\t<\/div>\n\t\t\t\t<\/div>","protected":false},"excerpt":{"rendered":"<p>Lefkada Lefkada is an island of the Ionian Sea and belongs to the island complex of Eptanisa. It lies between the islands of Corfu and Kefalonia. It is very close to the shores of the western mainland of Greece. Only [&hellip;]<\/p>\n","protected":false},"author":1,"featured_media":0,"parent":187095,"menu_order":0,"comment_status":"closed","ping_status":"closed","template":"","meta":{"footnotes":""},"class_list":["post-187116","page","type-page","status-publish","hentry"],"yoast_head":"<!-- This site is optimized with the Yoast SEO plugin v27.1.1 - https:\/\/yoast.com\/product\/yoast-seo-wordpress\/ -->\n<title>Lefkada - Trident Boats - Rent a boat in Lefkada<\/title>\n<meta name=\"robots\" content=\"index, follow, max-snippet:-1, max-image-preview:large, max-video-preview:-1\" \/>\n<link rel=\"canonical\" href=\"https:\/\/tridentboats.gr\/it\/destinazioni\/lefkada\/\" \/>\n<meta property=\"og:locale\" content=\"it_IT\" \/>\n<meta property=\"og:type\" content=\"article\" \/>\n<meta property=\"og:title\" content=\"Lefkada - Trident Boats - Rent a boat in Lefkada\" \/>\n<meta property=\"og:description\" content=\"Lefkada Lefkada is an island of the Ionian Sea and belongs to the island complex of Eptanisa. It lies between the islands of Corfu and Kefalonia. It is very close to the shores of the western mainland of Greece. Only [&hellip;]\" \/>\n<meta property=\"og:url\" content=\"https:\/\/tridentboats.gr\/it\/destinazioni\/lefkada\/\" \/>\n<meta property=\"og:site_name\" content=\"Trident Boats - Rent a boat in Lefkada\" \/>\n<meta property=\"article:modified_time\" content=\"2024-07-01T16:25:24+00:00\" \/>\n<meta name=\"twitter:card\" content=\"summary_large_image\" \/>\n<meta name=\"twitter:label1\" content=\"Tempo di lettura stimato\" \/>\n\t<meta name=\"twitter:data1\" content=\"2 minuti\" \/>\n<script type=\"application\/ld+json\" class=\"yoast-schema-graph\">{\"@context\":\"https:\/\/schema.org\",\"@graph\":[{\"@type\":\"WebPage\",\"@id\":\"https:\/\/tridentboats.gr\/destinations\/lefkada\/\",\"url\":\"https:\/\/tridentboats.gr\/destinations\/lefkada\/\",\"name\":\"Lefkada - Trident Boats - Rent a boat in Lefkada\",\"isPartOf\":{\"@id\":\"https:\/\/tridentboats.gr\/#website\"},\"datePublished\":\"2024-07-01T16:23:58+00:00\",\"dateModified\":\"2024-07-01T16:25:24+00:00\",\"breadcrumb\":{\"@id\":\"https:\/\/tridentboats.gr\/destinations\/lefkada\/#breadcrumb\"},\"inLanguage\":\"it-IT\",\"potentialAction\":[{\"@type\":\"ReadAction\",\"target\":[\"https:\/\/tridentboats.gr\/destinations\/lefkada\/\"]}]},{\"@type\":\"BreadcrumbList\",\"@id\":\"https:\/\/tridentboats.gr\/destinations\/lefkada\/#breadcrumb\",\"itemListElement\":[{\"@type\":\"ListItem\",\"position\":1,\"name\":\"Home\",\"item\":\"https:\/\/tridentboats.gr\/\"},{\"@type\":\"ListItem\",\"position\":2,\"name\":\"Destinations\",\"item\":\"https:\/\/tridentboats.gr\/destinations\/\"},{\"@type\":\"ListItem\",\"position\":3,\"name\":\"Lefkada\"}]},{\"@type\":\"WebSite\",\"@id\":\"https:\/\/tridentboats.gr\/#website\",\"url\":\"https:\/\/tridentboats.gr\/\",\"name\":\"Trident Boats - Rent a boat in Lefkada\",\"description\":\"\",\"potentialAction\":[{\"@type\":\"SearchAction\",\"target\":{\"@type\":\"EntryPoint\",\"urlTemplate\":\"https:\/\/tridentboats.gr\/?s={search_term_string}\"},\"query-input\":{\"@type\":\"PropertyValueSpecification\",\"valueRequired\":true,\"valueName\":\"search_term_string\"}}],\"inLanguage\":\"it-IT\"}]}<\/script>\n<!-- \/ Yoast SEO plugin. -->","yoast_head_json":{"title":"Lefkada - Trident Boats - Noleggio barche a Lefkada","robots":{"index":"index","follow":"follow","max-snippet":"max-snippet:-1","max-image-preview":"max-image-preview:large","max-video-preview":"max-video-preview:-1"},"canonical":"https:\/\/tridentboats.gr\/it\/destinazioni\/lefkada\/","og_locale":"it_IT","og_type":"article","og_title":"Lefkada - Trident Boats - Rent a boat in Lefkada","og_description":"Lefkada Lefkada is an island of the Ionian Sea and belongs to the island complex of Eptanisa. It lies between the islands of Corfu and Kefalonia. It is very close to the shores of the western mainland of Greece. Only [&hellip;]","og_url":"https:\/\/tridentboats.gr\/it\/destinazioni\/lefkada\/","og_site_name":"Trident Boats - Rent a boat in Lefkada","article_modified_time":"2024-07-01T16:25:24+00:00","twitter_card":"summary_large_image","twitter_misc":{"Tempo di lettura stimato":"2 minuti"},"schema":{"@context":"https:\/\/schema.org","@graph":[{"@type":"WebPage","@id":"https:\/\/tridentboats.gr\/destinations\/lefkada\/","url":"https:\/\/tridentboats.gr\/destinations\/lefkada\/","name":"Lefkada - Trident Boats - Noleggio barche a Lefkada","isPartOf":{"@id":"https:\/\/tridentboats.gr\/#website"},"datePublished":"2024-07-01T16:23:58+00:00","dateModified":"2024-07-01T16:25:24+00:00","breadcrumb":{"@id":"https:\/\/tridentboats.gr\/destinations\/lefkada\/#breadcrumb"},"inLanguage":"it-IT","potentialAction":[{"@type":"ReadAction","target":["https:\/\/tridentboats.gr\/destinations\/lefkada\/"]}]},{"@type":"BreadcrumbList","@id":"https:\/\/tridentboats.gr\/destinations\/lefkada\/#breadcrumb","itemListElement":[{"@type":"ListItem","position":1,"name":"Home","item":"https:\/\/tridentboats.gr\/"},{"@type":"ListItem","position":2,"name":"Destinations","item":"https:\/\/tridentboats.gr\/destinations\/"},{"@type":"ListItem","position":3,"name":"Lefkada"}]},{"@type":"WebSite","@id":"https:\/\/tridentboats.gr\/#website","url":"https:\/\/tridentboats.gr\/","name":"Trident Boats - Noleggio barche a Lefkada","description":"","potentialAction":[{"@type":"SearchAction","target":{"@type":"EntryPoint","urlTemplate":"https:\/\/tridentboats.gr\/?s={search_term_string}"},"query-input":{"@type":"PropertyValueSpecification","valueRequired":true,"valueName":"search_term_string"}}],"inLanguage":"it-IT"}]}},"_links":{"self":[{"href":"https:\/\/tridentboats.gr\/it\/wp-json\/wp\/v2\/pages\/187116","targetHints":{"allow":["GET"]}}],"collection":[{"href":"https:\/\/tridentboats.gr\/it\/wp-json\/wp\/v2\/pages"}],"about":[{"href":"https:\/\/tridentboats.gr\/it\/wp-json\/wp\/v2\/types\/page"}],"author":[{"embeddable":true,"href":"https:\/\/tridentboats.gr\/it\/wp-json\/wp\/v2\/users\/1"}],"replies":[{"embeddable":true,"href":"https:\/\/tridentboats.gr\/it\/wp-json\/wp\/v2\/comments?post=187116"}],"version-history":[{"count":7,"href":"https:\/\/tridentboats.gr\/it\/wp-json\/wp\/v2\/pages\/187116\/revisions"}],"predecessor-version":[{"id":187165,"href":"https:\/\/tridentboats.gr\/it\/wp-json\/wp\/v2\/pages\/187116\/revisions\/187165"}],"up":[{"embeddable":true,"href":"https:\/\/tridentboats.gr\/it\/wp-json\/wp\/v2\/pages\/187095"}],"wp:attachment":[{"href":"https:\/\/tridentboats.gr\/it\/wp-json\/wp\/v2\/media?parent=187116"}],"curies":[{"name":"wp","href":"https:\/\/api.w.org\/{rel}","templated":true}]}}